{"id":210,"date":"2023-10-05T13:06:24","date_gmt":"2023-10-05T13:06:24","guid":{"rendered":"https:\/\/warenhouse.de\/?page_id=210"},"modified":"2023-10-06T11:24:54","modified_gmt":"2023-10-06T11:24:54","slug":"agb","status":"publish","type":"page","link":"https:\/\/warenhouse.de\/?page_id=210","title":{"rendered":"AGB"},"content":{"rendered":"<p>[et_pb_section fb_built=&#8221;1&#8243; theme_builder_area=&#8221;post_content&#8221; _builder_version=&#8221;4.22.1&#8243; _module_preset=&#8221;default&#8221; background_color=&#8221;#1c1c1c&#8221; custom_padding=&#8221;100px||||false|false&#8221; hover_enabled=&#8221;0&#8243; sticky_enabled=&#8221;0&#8243;][et_pb_row _builder_version=&#8221;4.22.1&#8243; _module_preset=&#8221;default&#8221; theme_builder_area=&#8221;post_content&#8221;][et_pb_column _builder_version=&#8221;4.22.1&#8243; _module_preset=&#8221;default&#8221; type=&#8221;4_4&#8243; theme_builder_area=&#8221;post_content&#8221;][et_pb_text _builder_version=&#8221;4.22.1&#8243; _module_preset=&#8221;default&#8221; theme_builder_area=&#8221;post_content&#8221; hover_enabled=&#8221;0&#8243; sticky_enabled=&#8221;0&#8243; header_text_color=&#8221;#FFFFFF&#8221; header_font=&#8221;|700|||||||&#8221; text_text_color=&#8221;#FFFFFF&#8221;]<\/p>\n<h1 id=\"headline-5-27\" class=\"ct-headline\">Allgemeine Gesch\u00e4ftsbedingungen<\/h1>\n<div id=\"text_block-3-27\" class=\"ct-text-block\">\n<p>G\u00fcltig ab: 01.01.2023<\/p>\n<p><b>Geltungsbereich<br \/><\/b>Diese Allgemeinen Gesch\u00e4ftsbedingungen (nachfolgend &#8220;AGB&#8221;) regeln das Vertragsverh\u00e4ltnis zwischen dem Onlineshop-Betreiber &#8220;Warenhouse&#8221; (nachfolgend &#8220;Verk\u00e4ufer&#8221;, &#8220;wir&#8221; oder &#8220;uns&#8221;) und den Kunden (nachfolgend &#8220;K\u00e4ufer&#8221; oder &#8220;Sie&#8221;), die Tickets \u00fcber unseren Onlineshop erwerben. Die AGB gelten f\u00fcr alle Vertr\u00e4ge, Lieferungen und Leistungen, sofern nicht ausdr\u00fccklich etwas Abweichendes vereinbart wurde.<\/p>\n<p><b>Vertragsschluss<\/b><br \/>2.1 Durch das Platzieren einer Bestellung in unserem Onlineshop geben Sie ein verbindliches Angebot zum Kauf der gew\u00fcnschten Tickets ab. Die Bestellung erfolgt durch Anklicken des &#8220;Kaufen&#8221; oder &#8220;Bestellen&#8221; Buttons.<br \/>2.2 Der Vertrag zwischen Ihnen und uns kommt zustande, wenn wir Ihre Bestellung durch Versand einer Auftragsbest\u00e4tigung per E-Mail annehmen oder die Tickets an Sie versenden.<\/p>\n<p><b>Ticketkauf und Lieferung<br \/><\/b>3.1 Die angebotenen Tickets sind digital und werden in Form von Dateien zum Selbstausdrucken zur Verf\u00fcgung gestellt. Die Tickets werden Ihnen nach Vertragsschluss per E-Mail an die von Ihnen angegebene E-Mail-Adresse zugesendet.<br \/>3.2 Der K\u00e4ufer ist f\u00fcr die ordnungsgem\u00e4\u00dfe Speicherung und den Ausdruck der Tickets verantwortlich.<br \/>3.3 Der Verk\u00e4ufer \u00fcbernimmt keine Verantwortung f\u00fcr fehlerhafte Ausdrucke oder f\u00fcr Tickets, die aufgrund von Fehlern des K\u00e4ufers unleserlich sind.<\/p>\n<p><b>Preise und Zahlungsbedingungen<br \/><\/b>4.1 Die in unserem Onlineshop angegebenen Preise verstehen sich in der jeweiligen W\u00e4hrung inklusive der gesetzlichen Mehrwertsteuer, sofern anwendbar.<br \/>4.2 Die Zahlung erfolgt im Voraus per [Zahlungsmethode Ihrer Wahl, z. B. Kreditkarte, PayPal]. Der K\u00e4ufer ist verpflichtet, den Gesamtbetrag der Bestellung unverz\u00fcglich nach Vertragsschluss zu begleichen.<\/p>\n<p><b>Widerruf und R\u00fcckgabe<br \/><\/b>Gem\u00e4\u00df den gesetzlichen Bestimmungen besteht kein Widerrufs- oder R\u00fcckgaberecht f\u00fcr den Kauf von Tickets. Sobald Sie Ihre Bestellung abgeschlossen haben und die Tickets versendet wurden, ist ein Widerruf oder eine R\u00fcckgabe ausgeschlossen.<\/p>\n<p><b>Haftungsausschluss<br \/><\/b>6.1 Der Verk\u00e4ufer haftet nur f\u00fcr Sch\u00e4den, die auf grober Fahrl\u00e4ssigkeit oder Vorsatz beruhen. Die Haftung f\u00fcr leichte Fahrl\u00e4ssigkeit wird ausgeschlossen, sofern keine wesentlichen Vertragspflichten verletzt wurden.<br \/>6.2 Der Verk\u00e4ufer \u00fcbernimmt keine Gew\u00e4hrleistung oder Haftung f\u00fcr die ordnungsgem\u00e4\u00dfe Durchf\u00fchrung der Veranstaltung, f\u00fcr \u00c4nderungen im Programm oder f\u00fcr den Zugang zur Veranstaltung.<\/p>\n<p><b>Datenschutz<\/b><br \/>Die Verarbeitung personenbezogener Daten erfolgt gem\u00e4\u00df unserer<span>\u00a0<\/span>Datenschutzerkl\u00e4rung, die Sie auf unserer Webseite einsehen k\u00f6nnen.<\/p>\n<\/div>\n<p>[\/et_pb_text][\/et_pb_column][\/et_pb_row][\/et_pb_section]<\/p>\n","protected":false},"excerpt":{"rendered":"<p>Allgemeine Gesch\u00e4ftsbedingungen G\u00fcltig ab: 01.01.2023 GeltungsbereichDiese Allgemeinen Gesch\u00e4ftsbedingungen (nachfolgend &#8220;AGB&#8221;) regeln das Vertragsverh\u00e4ltnis zwischen dem Onlineshop-Betreiber &#8220;Warenhouse&#8221; (nachfolgend &#8220;Verk\u00e4ufer&#8221;, &#8220;wir&#8221; oder &#8220;uns&#8221;) und den Kunden (nachfolgend &#8220;K\u00e4ufer&#8221; oder &#8220;Sie&#8221;), die Tickets \u00fcber unseren Onlineshop erwerben. Die AGB gelten f\u00fcr alle Vertr\u00e4ge, Lieferungen und Leistungen, sofern nicht ausdr\u00fccklich etwas Abweichendes vereinbart wurde. Vertragsschluss2.1 Durch das Platzieren [&hellip;]<\/p>\n","protected":false},"author":1,"featured_media":0,"parent":0,"menu_order":0,"comment_status":"closed","ping_status":"closed","template":"","meta":{"_et_pb_use_builder":"on","_et_pb_old_content":"","_et_gb_content_width":"","footnotes":""},"class_list":["post-210","page","type-page","status-publish","hentry"],"aioseo_notices":[],"_links":{"self":[{"href":"https:\/\/warenhouse.de\/index.php?rest_route=\/wp\/v2\/pages\/210","targetHints":{"allow":["GET"]}}],"collection":[{"href":"https:\/\/warenhouse.de\/index.php?rest_route=\/wp\/v2\/pages"}],"about":[{"href":"https:\/\/warenhouse.de\/index.php?rest_route=\/wp\/v2\/types\/page"}],"author":[{"embeddable":true,"href":"https:\/\/warenhouse.de\/index.php?rest_route=\/wp\/v2\/users\/1"}],"replies":[{"embeddable":true,"href":"https:\/\/warenhouse.de\/index.php?rest_route=%2Fwp%2Fv2%2Fcomments&post=210"}],"version-history":[{"count":2,"href":"https:\/\/warenhouse.de\/index.php?rest_route=\/wp\/v2\/pages\/210\/revisions"}],"predecessor-version":[{"id":315,"href":"https:\/\/warenhouse.de\/index.php?rest_route=\/wp\/v2\/pages\/210\/revisions\/315"}],"wp:attachment":[{"href":"https:\/\/warenhouse.de\/index.php?rest_route=%2Fwp%2Fv2%2Fmedia&parent=210"}],"curies":[{"name":"wp","href":"https:\/\/api.w.org\/{rel}","templated":true}]}}